{"id":47,"date":"2015-06-04T13:44:11","date_gmt":"2015-06-04T13:44:11","guid":{"rendered":"https:\/\/fcmanrique.org\/w2015\/?page_id=47"},"modified":"2026-04-17T16:27:51","modified_gmt":"2026-04-17T16:27:51","slug":"servicios","status":"publish","type":"page","link":"https:\/\/ludiccc.ddns.net\/en\/servicios\/","title":{"rendered":"Services"},"content":{"rendered":"<p><strong>Solicitud de fotos<\/strong><br>Para solicitar fotograf\u00edas del Archivo de la Fundaci\u00f3n C\u00e9sar Manrique, rellene el formulario del siguiente enlace:<\/p>\n\n\n\n<figure class=\"wp-block-embed is-type-wp-embed is-provider-fundaci-n-c-sar-manrique wp-block-embed-fundaci-n-c-sar-manrique\"><div class=\"wp-block-embed__wrapper\">\n<blockquote class=\"wp-embedded-content\" data-secret=\"RCkgEhI0M1\"><a href=\"https:\/\/fcmanrique.org\/servicios\/solicitud-de-imagenes\/\">Solicitud de im\u00e1genes<\/a><\/blockquote><iframe loading=\"lazy\" class=\"wp-embedded-content\" sandbox=\"allow-scripts\" security=\"restricted\" style=\"position: absolute; visibility: hidden;\" title=\"\u00abSolicitud de im\u00e1genes\u00bb \u2014 Fundaci\u00f3n C\u00e9sar Manrique\" src=\"https:\/\/fcmanrique.org\/servicios\/solicitud-de-imagenes\/embed\/#?secret=IuLSDmlAjO#?secret=RCkgEhI0M1\" data-secret=\"RCkgEhI0M1\" width=\"500\" height=\"282\" frameborder=\"0\" marginwidth=\"0\" marginheight=\"0\" scrolling=\"no\"><\/iframe>\n<\/div><\/figure>\n\n\n\n<p><strong>Solicitud de autorizaci\u00f3n para fotografiar o filmar<br><\/strong>Para solicitar una autorizaci\u00f3n para fotografiar o filmar en la sede de la Fundaci\u00f3n C\u00e9sar Manrique o la Casa Museo C\u00e9sar Manrique Har\u00eda, rellene el formulario del siguiente enlace:<\/p>\n\n\n\n<figure class=\"wp-block-embed is-type-wp-embed is-provider-fundaci-n-c-sar-manrique wp-block-embed-fundaci-n-c-sar-manrique\"><div class=\"wp-block-embed__wrapper\">\n<blockquote class=\"wp-embedded-content\" data-secret=\"ROXtcjbYwZ\"><a href=\"https:\/\/fcmanrique.org\/servicios\/autorizacion-para-fotografiar\/\">Autorizaci\u00f3n para fotografiar\/filmar<\/a><\/blockquote><iframe loading=\"lazy\" class=\"wp-embedded-content\" sandbox=\"allow-scripts\" security=\"restricted\" style=\"position: absolute; visibility: hidden;\" title=\"\u00abAutorizaci\u00f3n para fotografiar\/filmar\u00bb \u2014 Fundaci\u00f3n C\u00e9sar Manrique\" src=\"https:\/\/fcmanrique.org\/servicios\/autorizacion-para-fotografiar\/embed\/#?secret=wtJBxUazBy#?secret=ROXtcjbYwZ\" data-secret=\"ROXtcjbYwZ\" width=\"500\" height=\"282\" frameborder=\"0\" marginwidth=\"0\" marginheight=\"0\" scrolling=\"no\"><\/iframe>\n<\/div><\/figure>","protected":false},"excerpt":{"rendered":"<p>Solicitud de fotosPara solicitar fotograf\u00edas del Archivo de la Fundaci\u00f3n C\u00e9sar Manrique, rellene el formulario del siguiente enlace: Solicitud de autorizaci\u00f3n para fotografiar o filmarPara solicitar una autorizaci\u00f3n para fotografiar o filmar en la sede de la Fundaci\u00f3n C\u00e9sar Manrique o la Casa Museo C\u00e9sar Manrique Har\u00eda, rellene el formulario del siguiente enlace:<\/p>\n","protected":false},"author":1,"featured_media":0,"parent":0,"menu_order":0,"comment_status":"closed","ping_status":"open","template":"","meta":{"_acf_changed":false,"ngg_post_thumbnail":0,"footnotes":""},"class_list":["post-47","page","type-page","status-publish","hentry"],"acf":[],"_links":{"self":[{"href":"https:\/\/ludiccc.ddns.net\/en\/wp-json\/wp\/v2\/pages\/47","targetHints":{"allow":["GET"]}}],"collection":[{"href":"https:\/\/ludiccc.ddns.net\/en\/wp-json\/wp\/v2\/pages"}],"about":[{"href":"https:\/\/ludiccc.ddns.net\/en\/wp-json\/wp\/v2\/types\/page"}],"author":[{"embeddable":true,"href":"https:\/\/ludiccc.ddns.net\/en\/wp-json\/wp\/v2\/users\/1"}],"replies":[{"embeddable":true,"href":"https:\/\/ludiccc.ddns.net\/en\/wp-json\/wp\/v2\/comments?post=47"}],"version-history":[{"count":4,"href":"https:\/\/ludiccc.ddns.net\/en\/wp-json\/wp\/v2\/pages\/47\/revisions"}],"predecessor-version":[{"id":26878,"href":"https:\/\/ludiccc.ddns.net\/en\/wp-json\/wp\/v2\/pages\/47\/revisions\/26878"}],"wp:attachment":[{"href":"https:\/\/ludiccc.ddns.net\/en\/wp-json\/wp\/v2\/media?parent=47"}],"curies":[{"name":"wp","href":"https:\/\/api.w.org\/{rel}","templated":true}]}}