{"id":43,"date":"2015-06-04T13:43:38","date_gmt":"2015-06-04T13:43:38","guid":{"rendered":"https:\/\/fcmanrique.org\/w2015\/?page_id=43"},"modified":"2026-04-15T12:48:07","modified_gmt":"2026-04-15T12:48:07","slug":"obra","status":"publish","type":"page","link":"https:\/\/ludiccc.ddns.net\/en\/cesar-manrique\/obra\/","title":{"rendered":"Works"},"content":{"rendered":"<div class=\"seccion-dividida-principal\">\r\n<h1>Works<\/h1>\r\n&nbsp;\r\nC\u00e9sar Manrique formulated his artistic proposals in the plastic language of his times. Whilst in painting he faithfully pursued informalism, his largely spatially-oriented sculptures and objects have undisputed pop art, kinetic art or new sculpture leanings. On his return to Lanzarote in the late nineteen sixties he found the appropriate setting for opening his artistic endeavour to new initiatives. There, he devoted much of his creative energy to embodying his new aesthetic ideal in works for his spatial interventions.\r\n\r\n<a class=\"pdf\" href=\"https:\/\/fcmanrique.org\/recursos\/menu\/cesar%20manrique%20nueva%20york.pdf\" target=\"_blank\" rel=\"noopener\">C\u00e9sar Manrique. El artista y su obra. (Gu\u00eda de la exposici\u00f3n C\u00e9sar Manrique Nueva York)<\/a>\r\n<a class=\"pdf\" href=\"https:\/\/fcmanrique.org\/recursos\/menu\/texto%20IVAM.pdf\" target=\"_blank\" rel=\"noopener\">Texto explicativo exposici\u00f3n IVAM 2005<\/a>\r\n<a class=\"pdf\" href=\"https:\/\/fcmanrique.org\/recursos\/menu\/Textos%20castellano.pdf\" target=\"_blank\" rel=\"noopener\">Textos libro C\u00e9sar Manrique. Pintura<\/a>\r\n\r\n\r\n<\/div>\r\n<div class=\"seccion-dividida-secundaria\">\r\n<\/div>","protected":false},"excerpt":{"rendered":"<p>Works &nbsp; C\u00e9sar Manrique formulated his artistic proposals in the plastic language of his times. Whilst in painting he faithfully pursued informalism, his largely spatially-oriented sculptures and objects have undisputed pop art, kinetic art or new sculpture leanings. On his return to Lanzarote in the late nineteen sixties he found the appropriate setting for opening [&hellip;]<\/p>\n","protected":false},"author":1,"featured_media":0,"parent":18,"menu_order":1,"comment_status":"closed","ping_status":"open","template":"","meta":{"_acf_changed":false,"ngg_post_thumbnail":0,"footnotes":""},"class_list":["post-43","page","type-page","status-publish","hentry"],"acf":[],"_links":{"self":[{"href":"https:\/\/ludiccc.ddns.net\/en\/wp-json\/wp\/v2\/pages\/43","targetHints":{"allow":["GET"]}}],"collection":[{"href":"https:\/\/ludiccc.ddns.net\/en\/wp-json\/wp\/v2\/pages"}],"about":[{"href":"https:\/\/ludiccc.ddns.net\/en\/wp-json\/wp\/v2\/types\/page"}],"author":[{"embeddable":true,"href":"https:\/\/ludiccc.ddns.net\/en\/wp-json\/wp\/v2\/users\/1"}],"replies":[{"embeddable":true,"href":"https:\/\/ludiccc.ddns.net\/en\/wp-json\/wp\/v2\/comments?post=43"}],"version-history":[{"count":15,"href":"https:\/\/ludiccc.ddns.net\/en\/wp-json\/wp\/v2\/pages\/43\/revisions"}],"predecessor-version":[{"id":26752,"href":"https:\/\/ludiccc.ddns.net\/en\/wp-json\/wp\/v2\/pages\/43\/revisions\/26752"}],"up":[{"embeddable":true,"href":"https:\/\/ludiccc.ddns.net\/en\/wp-json\/wp\/v2\/pages\/18"}],"wp:attachment":[{"href":"https:\/\/ludiccc.ddns.net\/en\/wp-json\/wp\/v2\/media?parent=43"}],"curies":[{"name":"wp","href":"https:\/\/api.w.org\/{rel}","templated":true}]}}